{"id":46,"date":"2022-05-05T07:27:45","date_gmt":"2022-05-05T07:27:45","guid":{"rendered":"https:\/\/mobil-art.pl\/?page_id=46"},"modified":"2022-05-05T07:35:39","modified_gmt":"2022-05-05T07:35:39","slug":"witamy-w-warsztacie","status":"publish","type":"page","link":"https:\/\/mobil-art.pl\/","title":{"rendered":"Witamy w warsztacie"},"content":{"rendered":"\n<p>Jestem zapalonym mi\u0142o\u015bnikiem starej motoryzacji kt\u00f3r\u0105 interesuj\u0119 si\u0119 od ponad 30 stu lat. <\/p>\n\n\n\n<p>Pierwszy m\u00f3j kontakt ze starym autem nast\u0105pi\u0142 w 1973 r . Autem tym by\u0142a HANZA z lat 30 tych, lecz moja rodzinka wybi\u0142a mi ten pomys\u0142 z g\u0142owy i nam\u00f3wi\u0142a mnie na kupno starej SYRENY, kt\u00f3r\u0105 dojecha\u0142em tylko do domu, po czym wyzion\u0119\u0142a ducha. Mimo tego, \u017ce Syrenka nie je\u017adzi\u0142a i dokona\u0142a \u017cywota pod domem, to korzystn\u0105 strona tego zakupu by\u0142 dodatek w postaci starego zegara \u015bciennego, kt\u00f3ry poprzedni w\u0142a\u015bciciel do\u0142o\u017cy\u0142 do auta. Ten w\u0142a\u015bnie zegar sta\u0142 si\u0119 pocz\u0105tkiem trwaj\u0105cej do dzi\u015b przygody nie tylko ze starymi zegarami ale tak\u017ce z zabytkowymi meblami. <\/p>\n\n\n\n<p>Oczywi\u015bcie pasja do oldtimer\u00f3w nie wygas\u0142a. Zainteresowanie starymi samochodami &#8211; oldtimerami z up\u0142ywem czasu rozszerzy\u0142o si\u0119 na stare powozy i sanie. W rozwijaniu tych zainteresowa\u0144 pomog\u0142a mi zdolno\u015b\u0107 do samodzielnego wykonywania napraw, renowacji, odbudowy, konserwacji, zabytkowych przedmiot\u00f3w i pojazd\u00f3w. Poznawane techniki napraw lub odtwarzanie starych element\u00f3w umo\u017cliwi\u0142y mi dalsze rozszerzanie mych zainteresowa\u0144 &#8211; zacz\u0105\u0142em z powodzeniem wykonywa\u0107 statuetki i p\u0142askorze\u017aby. <\/p>\n\n\n\n<p>Bior\u0119 wraz z rodzin\u0105 udzia\u0142 w rajdach turystycznych i o zaci\u0119ciu sportowym oldtimer\u00f3w. Serdecznie witam na mojej stronie.<\/p>\n\n\n\n<p>Pozdrawiam<br>Waldemar Grzybowski<\/p>\n","protected":false},"excerpt":{"rendered":"<p>Jestem zapalonym mi\u0142o\u015bnikiem starej motoryzacji kt\u00f3r\u0105 interesuj\u0119 si\u0119 od ponad 30 stu lat. Pierwszy m\u00f3j kontakt ze starym autem nast\u0105pi\u0142 w 1973 r . Autem tym by\u0142a HANZA z lat 30 tych, lecz moja rodzinka wybi\u0142a mi ten pomys\u0142 z g\u0142owy i nam\u00f3wi\u0142a mnie na kupno starej SYRENY, kt\u00f3r\u0105 dojecha\u0142em tylko do domu, po czym &hellip; <\/p>\n<p class=\"link-more\"><a href=\"https:\/\/mobil-art.pl\/\" class=\"more-link\">Czytaj dalej<span class=\"screen-reader-text\"> \u201eWitamy w warsztacie\u201d<\/span><\/a><\/p>\n","protected":false},"author":1,"featured_media":0,"parent":0,"menu_order":0,"comment_status":"closed","ping_status":"closed","template":"","meta":{"footnotes":""},"class_list":["post-46","page","type-page","status-publish","hentry"],"yoast_head":"<!-- This site is optimized with the Yoast SEO plugin v27.5 - https:\/\/yoast.com\/product\/yoast-seo-wordpress\/ -->\n<title>Witamy w warsztacie - MobilArt<\/title>\n<meta name=\"description\" content=\"MobilArt Grzybowski. Mi\u0142o\u015bnicy motoryzacji - g\u0142\u00f3wnie oldtimer\u00f3w. W naszym warsztacie naprawiamy samochody klasyczne jak i wsp\u00f3\u0142czesne.\" \/>\n<meta name=\"robots\" content=\"index, follow, max-snippet:-1, max-image-preview:large, max-video-preview:-1\" \/>\n<link rel=\"canonical\" href=\"https:\/\/mobil-art.pl\/\" \/>\n<meta property=\"og:locale\" content=\"pl_PL\" \/>\n<meta property=\"og:type\" content=\"article\" \/>\n<meta property=\"og:title\" content=\"Witamy w warsztacie - MobilArt\" \/>\n<meta property=\"og:description\" content=\"MobilArt Grzybowski. Mi\u0142o\u015bnicy motoryzacji - g\u0142\u00f3wnie oldtimer\u00f3w. W naszym warsztacie naprawiamy samochody klasyczne jak i wsp\u00f3\u0142czesne.\" \/>\n<meta property=\"og:url\" content=\"https:\/\/mobil-art.pl\/\" \/>\n<meta property=\"og:site_name\" content=\"MobilArt\" \/>\n<meta property=\"article:modified_time\" content=\"2022-05-05T07:35:39+00:00\" \/>\n<meta name=\"twitter:card\" content=\"summary_large_image\" \/>\n<meta name=\"twitter:label1\" content=\"Szacowany czas czytania\" \/>\n\t<meta name=\"twitter:data1\" content=\"2 minuty\" \/>\n<script type=\"application\/ld+json\" class=\"yoast-schema-graph\">{\"@context\":\"https:\\\/\\\/schema.org\",\"@graph\":[{\"@type\":\"WebPage\",\"@id\":\"https:\\\/\\\/mobil-art.pl\\\/\",\"url\":\"https:\\\/\\\/mobil-art.pl\\\/\",\"name\":\"Witamy w warsztacie - MobilArt\",\"isPartOf\":{\"@id\":\"https:\\\/\\\/mobil-art.pl\\\/#website\"},\"datePublished\":\"2022-05-05T07:27:45+00:00\",\"dateModified\":\"2022-05-05T07:35:39+00:00\",\"description\":\"MobilArt Grzybowski. Mi\u0142o\u015bnicy motoryzacji - g\u0142\u00f3wnie oldtimer\u00f3w. W naszym warsztacie naprawiamy samochody klasyczne jak i wsp\u00f3\u0142czesne.\",\"breadcrumb\":{\"@id\":\"https:\\\/\\\/mobil-art.pl\\\/#breadcrumb\"},\"inLanguage\":\"pl-PL\",\"potentialAction\":[{\"@type\":\"ReadAction\",\"target\":[\"https:\\\/\\\/mobil-art.pl\\\/\"]}]},{\"@type\":\"BreadcrumbList\",\"@id\":\"https:\\\/\\\/mobil-art.pl\\\/#breadcrumb\",\"itemListElement\":[{\"@type\":\"ListItem\",\"position\":1,\"name\":\"Home\",\"item\":\"https:\\\/\\\/mobil-art.pl\\\/\"},{\"@type\":\"ListItem\",\"position\":2,\"name\":\"Witamy w warsztacie\"}]},{\"@type\":\"WebSite\",\"@id\":\"https:\\\/\\\/mobil-art.pl\\\/#website\",\"url\":\"https:\\\/\\\/mobil-art.pl\\\/\",\"name\":\"MobilArt\",\"description\":\"MOBIL ART. GRZYBOWSKI SP&Oacute;\u0141KA JAWNA\",\"publisher\":{\"@id\":\"https:\\\/\\\/mobil-art.pl\\\/#organization\"},\"potentialAction\":[{\"@type\":\"SearchAction\",\"target\":{\"@type\":\"EntryPoint\",\"urlTemplate\":\"https:\\\/\\\/mobil-art.pl\\\/?s={search_term_string}\"},\"query-input\":{\"@type\":\"PropertyValueSpecification\",\"valueRequired\":true,\"valueName\":\"search_term_string\"}}],\"inLanguage\":\"pl-PL\"},{\"@type\":\"Organization\",\"@id\":\"https:\\\/\\\/mobil-art.pl\\\/#organization\",\"name\":\"MobilArt\",\"url\":\"https:\\\/\\\/mobil-art.pl\\\/\",\"logo\":{\"@type\":\"ImageObject\",\"inLanguage\":\"pl-PL\",\"@id\":\"https:\\\/\\\/mobil-art.pl\\\/#\\\/schema\\\/logo\\\/image\\\/\",\"url\":\"https:\\\/\\\/mobil-art.pl\\\/wp-content\\\/uploads\\\/2022\\\/05\\\/cropped-LOGO_MOBILART_white.png\",\"contentUrl\":\"https:\\\/\\\/mobil-art.pl\\\/wp-content\\\/uploads\\\/2022\\\/05\\\/cropped-LOGO_MOBILART_white.png\",\"width\":335,\"height\":250,\"caption\":\"MobilArt\"},\"image\":{\"@id\":\"https:\\\/\\\/mobil-art.pl\\\/#\\\/schema\\\/logo\\\/image\\\/\"}}]}<\/script>\n<!-- \/ Yoast SEO plugin. -->","yoast_head_json":{"title":"Witamy w warsztacie - MobilArt","description":"MobilArt Grzybowski. Mi\u0142o\u015bnicy motoryzacji - g\u0142\u00f3wnie oldtimer\u00f3w. W naszym warsztacie naprawiamy samochody klasyczne jak i wsp\u00f3\u0142czesne.","robots":{"index":"index","follow":"follow","max-snippet":"max-snippet:-1","max-image-preview":"max-image-preview:large","max-video-preview":"max-video-preview:-1"},"canonical":"https:\/\/mobil-art.pl\/","og_locale":"pl_PL","og_type":"article","og_title":"Witamy w warsztacie - MobilArt","og_description":"MobilArt Grzybowski. Mi\u0142o\u015bnicy motoryzacji - g\u0142\u00f3wnie oldtimer\u00f3w. W naszym warsztacie naprawiamy samochody klasyczne jak i wsp\u00f3\u0142czesne.","og_url":"https:\/\/mobil-art.pl\/","og_site_name":"MobilArt","article_modified_time":"2022-05-05T07:35:39+00:00","twitter_card":"summary_large_image","twitter_misc":{"Szacowany czas czytania":"2 minuty"},"schema":{"@context":"https:\/\/schema.org","@graph":[{"@type":"WebPage","@id":"https:\/\/mobil-art.pl\/","url":"https:\/\/mobil-art.pl\/","name":"Witamy w warsztacie - MobilArt","isPartOf":{"@id":"https:\/\/mobil-art.pl\/#website"},"datePublished":"2022-05-05T07:27:45+00:00","dateModified":"2022-05-05T07:35:39+00:00","description":"MobilArt Grzybowski. Mi\u0142o\u015bnicy motoryzacji - g\u0142\u00f3wnie oldtimer\u00f3w. W naszym warsztacie naprawiamy samochody klasyczne jak i wsp\u00f3\u0142czesne.","breadcrumb":{"@id":"https:\/\/mobil-art.pl\/#breadcrumb"},"inLanguage":"pl-PL","potentialAction":[{"@type":"ReadAction","target":["https:\/\/mobil-art.pl\/"]}]},{"@type":"BreadcrumbList","@id":"https:\/\/mobil-art.pl\/#breadcrumb","itemListElement":[{"@type":"ListItem","position":1,"name":"Home","item":"https:\/\/mobil-art.pl\/"},{"@type":"ListItem","position":2,"name":"Witamy w warsztacie"}]},{"@type":"WebSite","@id":"https:\/\/mobil-art.pl\/#website","url":"https:\/\/mobil-art.pl\/","name":"MobilArt","description":"MOBIL ART. GRZYBOWSKI SP&Oacute;\u0141KA JAWNA","publisher":{"@id":"https:\/\/mobil-art.pl\/#organization"},"potentialAction":[{"@type":"SearchAction","target":{"@type":"EntryPoint","urlTemplate":"https:\/\/mobil-art.pl\/?s={search_term_string}"},"query-input":{"@type":"PropertyValueSpecification","valueRequired":true,"valueName":"search_term_string"}}],"inLanguage":"pl-PL"},{"@type":"Organization","@id":"https:\/\/mobil-art.pl\/#organization","name":"MobilArt","url":"https:\/\/mobil-art.pl\/","logo":{"@type":"ImageObject","inLanguage":"pl-PL","@id":"https:\/\/mobil-art.pl\/#\/schema\/logo\/image\/","url":"https:\/\/mobil-art.pl\/wp-content\/uploads\/2022\/05\/cropped-LOGO_MOBILART_white.png","contentUrl":"https:\/\/mobil-art.pl\/wp-content\/uploads\/2022\/05\/cropped-LOGO_MOBILART_white.png","width":335,"height":250,"caption":"MobilArt"},"image":{"@id":"https:\/\/mobil-art.pl\/#\/schema\/logo\/image\/"}}]}},"_links":{"self":[{"href":"https:\/\/mobil-art.pl\/index.php?rest_route=\/wp\/v2\/pages\/46","targetHints":{"allow":["GET"]}}],"collection":[{"href":"https:\/\/mobil-art.pl\/index.php?rest_route=\/wp\/v2\/pages"}],"about":[{"href":"https:\/\/mobil-art.pl\/index.php?rest_route=\/wp\/v2\/types\/page"}],"author":[{"embeddable":true,"href":"https:\/\/mobil-art.pl\/index.php?rest_route=\/wp\/v2\/users\/1"}],"replies":[{"embeddable":true,"href":"https:\/\/mobil-art.pl\/index.php?rest_route=%2Fwp%2Fv2%2Fcomments&post=46"}],"version-history":[{"count":1,"href":"https:\/\/mobil-art.pl\/index.php?rest_route=\/wp\/v2\/pages\/46\/revisions"}],"predecessor-version":[{"id":48,"href":"https:\/\/mobil-art.pl\/index.php?rest_route=\/wp\/v2\/pages\/46\/revisions\/48"}],"wp:attachment":[{"href":"https:\/\/mobil-art.pl\/index.php?rest_route=%2Fwp%2Fv2%2Fmedia&parent=46"}],"curies":[{"name":"wp","href":"https:\/\/api.w.org\/{rel}","templated":true}]}}